










{"id":536,"date":"2023-06-10T04:14:37","date_gmt":"2023-06-10T04:14:37","guid":{"rendered":"https:\/\/sctray.wpengine.com\/?page_id=536"},"modified":"2025-12-05T15:42:06","modified_gmt":"2025-12-05T15:42:06","slug":"contact-a-custom-expert","status":"publish","type":"page","link":"https:\/\/www.sctray.com\/es\/contact-a-custom-expert\/","title":{"rendered":"P\u00f3ngase en contacto con un experto"},"content":{"rendered":"","protected":false},"excerpt":{"rendered":"","protected":false},"author":8,"featured_media":3914,"parent":0,"menu_order":0,"comment_status":"closed","ping_status":"closed","template":"contact-custom-expert.php","meta":{"_acf_changed":false,"content-type":"","footnotes":""},"class_list":["post-536","page","type-page","status-publish","has-post-thumbnail","hentry"],"acf":{"title_page":"<h1>Custom and Customer <strong>Committed<\/strong><\/h1>\n","text_hero":"<p>With your needs in mind, our customization is at work. Let us know how our experience and efficiency can help turn your priorities into well-executed packaging that distinguishes your brand and delights\u00a0your customers.<\/p>\n"},"yoast_head":"<!-- This site is optimized with the Yoast SEO Premium plugin v27.1 (Yoast SEO v27.4) - https:\/\/yoast.com\/product\/yoast-seo-premium-wordpress\/ -->\n<title>Contact a Custom Expert - Southern Champion Tray<\/title>\n<meta name=\"description\" content=\"Connect with Southern Champion Tray for product questions, custom packaging support, sample requests, and customer service assistance.\" \/>\n<meta name=\"robots\" content=\"index, follow, max-snippet:-1, max-image-preview:large, max-video-preview:-1\" \/>\n<link rel=\"canonical\" href=\"https:\/\/www.sctray.com\/es\/contact-a-custom-expert\/\" \/>\n<meta property=\"og:locale\" content=\"es_ES\" \/>\n<meta property=\"og:type\" content=\"article\" \/>\n<meta property=\"og:title\" content=\"Contact a Custom Expert\" \/>\n<meta property=\"og:description\" content=\"Connect with Southern Champion Tray for product questions, custom packaging support, sample requests, and customer service assistance.\" \/>\n<meta property=\"og:url\" content=\"https:\/\/www.sctray.com\/es\/contact-a-custom-expert\/\" \/>\n<meta property=\"og:site_name\" content=\"Southern Champion Tray\" \/>\n<meta property=\"article:publisher\" content=\"https:\/\/www.facebook.com\/sctpackaging\" \/>\n<meta property=\"article:modified_time\" content=\"2025-12-05T15:42:06+00:00\" \/>\n<meta property=\"og:image\" content=\"https:\/\/www.sctray.com\/wp-content\/uploads\/2023\/08\/1L5A6288-scaled.jpg\" \/>\n\t<meta property=\"og:image:width\" content=\"1707\" \/>\n\t<meta property=\"og:image:height\" content=\"2560\" \/>\n\t<meta property=\"og:image:type\" content=\"image\/jpeg\" \/>\n<meta name=\"twitter:card\" content=\"summary_large_image\" \/>\n<meta name=\"twitter:label1\" content=\"Tiempo de lectura\" \/>\n\t<meta name=\"twitter:data1\" content=\"1 minuto\" \/>\n<script type=\"application\/ld+json\" class=\"yoast-schema-graph\">{\"@context\":\"https:\\\/\\\/schema.org\",\"@graph\":[{\"@type\":\"WebPage\",\"@id\":\"https:\\\/\\\/www.sctray.com\\\/contact-a-custom-expert\\\/\",\"url\":\"https:\\\/\\\/www.sctray.com\\\/contact-a-custom-expert\\\/\",\"name\":\"Contact a Custom Expert - Southern Champion Tray\",\"isPartOf\":{\"@id\":\"https:\\\/\\\/www.sctray.com\\\/#website\"},\"primaryImageOfPage\":{\"@id\":\"https:\\\/\\\/www.sctray.com\\\/contact-a-custom-expert\\\/#primaryimage\"},\"image\":{\"@id\":\"https:\\\/\\\/www.sctray.com\\\/contact-a-custom-expert\\\/#primaryimage\"},\"thumbnailUrl\":\"https:\\\/\\\/www.sctray.com\\\/wp-content\\\/uploads\\\/2023\\\/08\\\/1L5A6288-scaled.jpg\",\"datePublished\":\"2023-06-10T04:14:37+00:00\",\"dateModified\":\"2025-12-05T15:42:06+00:00\",\"description\":\"Connect with Southern Champion Tray for product questions, custom packaging support, sample requests, and customer service assistance.\",\"breadcrumb\":{\"@id\":\"https:\\\/\\\/www.sctray.com\\\/contact-a-custom-expert\\\/#breadcrumb\"},\"inLanguage\":\"es\",\"potentialAction\":[{\"@type\":\"ReadAction\",\"target\":[\"https:\\\/\\\/www.sctray.com\\\/contact-a-custom-expert\\\/\"]}]},{\"@type\":\"ImageObject\",\"inLanguage\":\"es\",\"@id\":\"https:\\\/\\\/www.sctray.com\\\/contact-a-custom-expert\\\/#primaryimage\",\"url\":\"https:\\\/\\\/www.sctray.com\\\/wp-content\\\/uploads\\\/2023\\\/08\\\/1L5A6288-scaled.jpg\",\"contentUrl\":\"https:\\\/\\\/www.sctray.com\\\/wp-content\\\/uploads\\\/2023\\\/08\\\/1L5A6288-scaled.jpg\",\"width\":1707,\"height\":2560},{\"@type\":\"BreadcrumbList\",\"@id\":\"https:\\\/\\\/www.sctray.com\\\/contact-a-custom-expert\\\/#breadcrumb\",\"itemListElement\":[{\"@type\":\"ListItem\",\"position\":1,\"name\":\"Home\",\"item\":\"https:\\\/\\\/www.sctray.com\\\/\"},{\"@type\":\"ListItem\",\"position\":2,\"name\":\"Contact a Custom Expert\"}]},{\"@type\":\"WebSite\",\"@id\":\"https:\\\/\\\/www.sctray.com\\\/#website\",\"url\":\"https:\\\/\\\/www.sctray.com\\\/\",\"name\":\"Southern Champion Tray\",\"description\":\"\",\"publisher\":{\"@id\":\"https:\\\/\\\/www.sctray.com\\\/#organization\"},\"potentialAction\":[{\"@type\":\"SearchAction\",\"target\":{\"@type\":\"EntryPoint\",\"urlTemplate\":\"https:\\\/\\\/www.sctray.com\\\/?s={search_term_string}\"},\"query-input\":{\"@type\":\"PropertyValueSpecification\",\"valueRequired\":true,\"valueName\":\"search_term_string\"}}],\"inLanguage\":\"es\"},{\"@type\":\"Organization\",\"@id\":\"https:\\\/\\\/www.sctray.com\\\/#organization\",\"name\":\"Southern Champion Tray\",\"url\":\"https:\\\/\\\/www.sctray.com\\\/\",\"logo\":{\"@type\":\"ImageObject\",\"inLanguage\":\"es\",\"@id\":\"https:\\\/\\\/www.sctray.com\\\/#\\\/schema\\\/logo\\\/image\\\/\",\"url\":\"https:\\\/\\\/www.sctray.com\\\/wp-content\\\/uploads\\\/2025\\\/04\\\/cropped-SCT-LOGO-RGB_GREEN-TERTIARY-1.png\",\"contentUrl\":\"https:\\\/\\\/www.sctray.com\\\/wp-content\\\/uploads\\\/2025\\\/04\\\/cropped-SCT-LOGO-RGB_GREEN-TERTIARY-1.png\",\"width\":987,\"height\":300,\"caption\":\"Southern Champion Tray\"},\"image\":{\"@id\":\"https:\\\/\\\/www.sctray.com\\\/#\\\/schema\\\/logo\\\/image\\\/\"},\"sameAs\":[\"https:\\\/\\\/www.facebook.com\\\/sctpackaging\",\"https:\\\/\\\/www.linkedin.com\\\/company\\\/southern-champion-tray\\\/?viewAsMember=true\",\"https:\\\/\\\/www.youtube.com\\\/channel\\\/UCw6tUbN8OQ-y_G76ubN4ztg\"]}]}<\/script>\n<!-- \/ Yoast SEO Premium plugin. -->","yoast_head_json":{"title":"P\u00f3ngase en contacto con un experto en personalizaci\u00f3n - Southern Champion Tray","description":"P\u00f3ngase en contacto con Southern Champion Tray para consultas sobre productos, asistencia con embalajes personalizados, solicitudes de muestras y asistencia al cliente.","robots":{"index":"index","follow":"follow","max-snippet":"max-snippet:-1","max-image-preview":"max-image-preview:large","max-video-preview":"max-video-preview:-1"},"canonical":"https:\/\/www.sctray.com\/es\/contact-a-custom-expert\/","og_locale":"es_ES","og_type":"article","og_title":"Contact a Custom Expert","og_description":"Connect with Southern Champion Tray for product questions, custom packaging support, sample requests, and customer service assistance.","og_url":"https:\/\/www.sctray.com\/es\/contact-a-custom-expert\/","og_site_name":"Southern Champion Tray","article_publisher":"https:\/\/www.facebook.com\/sctpackaging","article_modified_time":"2025-12-05T15:42:06+00:00","og_image":[{"width":1707,"height":2560,"url":"https:\/\/www.sctray.com\/wp-content\/uploads\/2023\/08\/1L5A6288-scaled.jpg","type":"image\/jpeg"}],"twitter_card":"summary_large_image","twitter_misc":{"Tiempo de lectura":"1 minuto"},"schema":{"@context":"https:\/\/schema.org","@graph":[{"@type":"WebPage","@id":"https:\/\/www.sctray.com\/contact-a-custom-expert\/","url":"https:\/\/www.sctray.com\/contact-a-custom-expert\/","name":"P\u00f3ngase en contacto con un experto en personalizaci\u00f3n - Southern Champion Tray","isPartOf":{"@id":"https:\/\/www.sctray.com\/#website"},"primaryImageOfPage":{"@id":"https:\/\/www.sctray.com\/contact-a-custom-expert\/#primaryimage"},"image":{"@id":"https:\/\/www.sctray.com\/contact-a-custom-expert\/#primaryimage"},"thumbnailUrl":"https:\/\/www.sctray.com\/wp-content\/uploads\/2023\/08\/1L5A6288-scaled.jpg","datePublished":"2023-06-10T04:14:37+00:00","dateModified":"2025-12-05T15:42:06+00:00","description":"P\u00f3ngase en contacto con Southern Champion Tray para consultas sobre productos, asistencia con embalajes personalizados, solicitudes de muestras y asistencia al cliente.","breadcrumb":{"@id":"https:\/\/www.sctray.com\/contact-a-custom-expert\/#breadcrumb"},"inLanguage":"es","potentialAction":[{"@type":"ReadAction","target":["https:\/\/www.sctray.com\/contact-a-custom-expert\/"]}]},{"@type":"ImageObject","inLanguage":"es","@id":"https:\/\/www.sctray.com\/contact-a-custom-expert\/#primaryimage","url":"https:\/\/www.sctray.com\/wp-content\/uploads\/2023\/08\/1L5A6288-scaled.jpg","contentUrl":"https:\/\/www.sctray.com\/wp-content\/uploads\/2023\/08\/1L5A6288-scaled.jpg","width":1707,"height":2560},{"@type":"BreadcrumbList","@id":"https:\/\/www.sctray.com\/contact-a-custom-expert\/#breadcrumb","itemListElement":[{"@type":"ListItem","position":1,"name":"Home","item":"https:\/\/www.sctray.com\/"},{"@type":"ListItem","position":2,"name":"Contact a Custom Expert"}]},{"@type":"WebSite","@id":"https:\/\/www.sctray.com\/#website","url":"https:\/\/www.sctray.com\/","name":"Bandeja Southern Champion","description":"","publisher":{"@id":"https:\/\/www.sctray.com\/#organization"},"potentialAction":[{"@type":"SearchAction","target":{"@type":"EntryPoint","urlTemplate":"https:\/\/www.sctray.com\/?s={search_term_string}"},"query-input":{"@type":"PropertyValueSpecification","valueRequired":true,"valueName":"search_term_string"}}],"inLanguage":"es"},{"@type":"Organization","@id":"https:\/\/www.sctray.com\/#organization","name":"Bandeja Southern Champion","url":"https:\/\/www.sctray.com\/","logo":{"@type":"ImageObject","inLanguage":"es","@id":"https:\/\/www.sctray.com\/#\/schema\/logo\/image\/","url":"https:\/\/www.sctray.com\/wp-content\/uploads\/2025\/04\/cropped-SCT-LOGO-RGB_GREEN-TERTIARY-1.png","contentUrl":"https:\/\/www.sctray.com\/wp-content\/uploads\/2025\/04\/cropped-SCT-LOGO-RGB_GREEN-TERTIARY-1.png","width":987,"height":300,"caption":"Southern Champion Tray"},"image":{"@id":"https:\/\/www.sctray.com\/#\/schema\/logo\/image\/"},"sameAs":["https:\/\/www.facebook.com\/sctpackaging","https:\/\/www.linkedin.com\/company\/southern-champion-tray\/?viewAsMember=true","https:\/\/www.youtube.com\/channel\/UCw6tUbN8OQ-y_G76ubN4ztg"]}]}},"_links":{"self":[{"href":"https:\/\/www.sctray.com\/es\/wp-json\/wp\/v2\/pages\/536","targetHints":{"allow":["GET"]}}],"collection":[{"href":"https:\/\/www.sctray.com\/es\/wp-json\/wp\/v2\/pages"}],"about":[{"href":"https:\/\/www.sctray.com\/es\/wp-json\/wp\/v2\/types\/page"}],"author":[{"embeddable":true,"href":"https:\/\/www.sctray.com\/es\/wp-json\/wp\/v2\/users\/8"}],"replies":[{"embeddable":true,"href":"https:\/\/www.sctray.com\/es\/wp-json\/wp\/v2\/comments?post=536"}],"version-history":[{"count":0,"href":"https:\/\/www.sctray.com\/es\/wp-json\/wp\/v2\/pages\/536\/revisions"}],"wp:featuredmedia":[{"embeddable":true,"href":"https:\/\/www.sctray.com\/es\/wp-json\/wp\/v2\/media\/3914"}],"wp:attachment":[{"href":"https:\/\/www.sctray.com\/es\/wp-json\/wp\/v2\/media?parent=536"}],"curies":[{"name":"wp","href":"https:\/\/api.w.org\/{rel}","templated":true}]}}