










{"id":2210,"date":"2023-07-18T12:18:54","date_gmt":"2023-07-18T12:18:54","guid":{"rendered":"https:\/\/sctray.wpengine.com\/products\/convertible-tray\/"},"modified":"2025-12-05T16:11:17","modified_gmt":"2025-12-05T16:11:17","slug":"1188","status":"publish","type":"product","link":"https:\/\/www.sctray.com\/es\/catalog\/product\/1188\/","title":{"rendered":"Bandeja emergente con expositor"},"content":{"rendered":"","protected":false},"template":"","categories-product":[196,224,194,223],"class_list":["post-2210","product","type-product","status-publish","hentry","categories-product-catering","categories-product-catering-trays-boxes","categories-product-food-service","categories-product-transport-boxes"],"acf":{"slider":[{"ID":4877,"id":4877,"title":"1188_La Bandeja Desplegable Convertible_Key","filename":"1188_The-Convertible-Popup-Tray_Key.png","filesize":702330,"url":"https:\/\/www.sctray.com\/wp-content\/uploads\/2023\/07\/1188_The-Convertible-Popup-Tray_Key.png","link":"https:\/\/www.sctray.com\/es\/catalog\/product\/1188\/1188_the-convertible-popup-tray_key\/","alt":"","author":"10","description":"","caption":"","name":"1188_la-bandeja-convertible-popup_key","status":"inherit","uploaded_to":2210,"date":"2024-02-02 17:53:38","modified":"2024-02-02 17:53:48","menu_order":0,"mime_type":"image\/png","type":"image","subtype":"png","icon":"https:\/\/www.sctray.com\/wp-includes\/images\/media\/default.png","width":1000,"height":667,"sizes":{"thumbnail":"https:\/\/www.sctray.com\/wp-content\/uploads\/2023\/07\/1188_The-Convertible-Popup-Tray_Key-150x150.png","thumbnail-width":150,"thumbnail-height":150,"medium":"https:\/\/www.sctray.com\/wp-content\/uploads\/2023\/07\/1188_The-Convertible-Popup-Tray_Key-300x200.png","medium-width":300,"medium-height":200,"medium_large":"https:\/\/www.sctray.com\/wp-content\/uploads\/2023\/07\/1188_The-Convertible-Popup-Tray_Key-768x512.png","medium_large-width":768,"medium_large-height":512,"large":"https:\/\/www.sctray.com\/wp-content\/uploads\/2023\/07\/1188_The-Convertible-Popup-Tray_Key.png","large-width":1000,"large-height":667,"1536x1536":"https:\/\/www.sctray.com\/wp-content\/uploads\/2023\/07\/1188_The-Convertible-Popup-Tray_Key.png","1536x1536-width":1000,"1536x1536-height":667,"2048x2048":"https:\/\/www.sctray.com\/wp-content\/uploads\/2023\/07\/1188_The-Convertible-Popup-Tray_Key.png","2048x2048-width":1000,"2048x2048-height":667,"trp-custom-language-flag":"https:\/\/www.sctray.com\/wp-content\/uploads\/2023\/07\/1188_The-Convertible-Popup-Tray_Key-18x12.png","trp-custom-language-flag-width":18,"trp-custom-language-flag-height":12,"gform-image-choice-sm":"https:\/\/www.sctray.com\/wp-content\/uploads\/2023\/07\/1188_The-Convertible-Popup-Tray_Key.png","gform-image-choice-sm-width":300,"gform-image-choice-sm-height":200,"gform-image-choice-md":"https:\/\/www.sctray.com\/wp-content\/uploads\/2023\/07\/1188_The-Convertible-Popup-Tray_Key.png","gform-image-choice-md-width":400,"gform-image-choice-md-height":267,"gform-image-choice-lg":"https:\/\/www.sctray.com\/wp-content\/uploads\/2023\/07\/1188_The-Convertible-Popup-Tray_Key.png","gform-image-choice-lg-width":600,"gform-image-choice-lg-height":400,"menu-24x24":"https:\/\/www.sctray.com\/wp-content\/uploads\/2023\/07\/1188_The-Convertible-Popup-Tray_Key-24x16.png","menu-24x24-width":24,"menu-24x24-height":16,"menu-36x36":"https:\/\/www.sctray.com\/wp-content\/uploads\/2023\/07\/1188_The-Convertible-Popup-Tray_Key-36x24.png","menu-36x36-width":36,"menu-36x36-height":24,"menu-75x75":"https:\/\/www.sctray.com\/wp-content\/uploads\/2023\/07\/1188_The-Convertible-Popup-Tray_Key-75x50.png","menu-75x75-width":75,"menu-75x75-height":50}},{"ID":7049,"id":7049,"title":"1188_La bandeja emergente convertible_Glamor_peque\u00f1a","filename":"1188_The-Convertible-Popup-Tray_Glamor_Small.png","filesize":872058,"url":"https:\/\/www.sctray.com\/wp-content\/uploads\/2023\/07\/1188_The-Convertible-Popup-Tray_Glamor_Small.png","link":"https:\/\/www.sctray.com\/es\/catalog\/product\/1188\/1188_the-convertible-popup-tray_glamor_small\/","alt":"","author":"10","description":"","caption":"","name":"1188_la-bandeja-convertible-popup_glamor_small","status":"inherit","uploaded_to":2210,"date":"2025-03-19 16:25:44","modified":"2025-03-19 16:25:59","menu_order":0,"mime_type":"image\/png","type":"image","subtype":"png","icon":"https:\/\/www.sctray.com\/wp-includes\/images\/media\/default.png","width":1000,"height":667,"sizes":{"thumbnail":"https:\/\/www.sctray.com\/wp-content\/uploads\/2023\/07\/1188_The-Convertible-Popup-Tray_Glamor_Small-150x150.png","thumbnail-width":150,"thumbnail-height":150,"medium":"https:\/\/www.sctray.com\/wp-content\/uploads\/2023\/07\/1188_The-Convertible-Popup-Tray_Glamor_Small-300x200.png","medium-width":300,"medium-height":200,"medium_large":"https:\/\/www.sctray.com\/wp-content\/uploads\/2023\/07\/1188_The-Convertible-Popup-Tray_Glamor_Small-768x512.png","medium_large-width":768,"medium_large-height":512,"large":"https:\/\/www.sctray.com\/wp-content\/uploads\/2023\/07\/1188_The-Convertible-Popup-Tray_Glamor_Small.png","large-width":1000,"large-height":667,"1536x1536":"https:\/\/www.sctray.com\/wp-content\/uploads\/2023\/07\/1188_The-Convertible-Popup-Tray_Glamor_Small.png","1536x1536-width":1000,"1536x1536-height":667,"2048x2048":"https:\/\/www.sctray.com\/wp-content\/uploads\/2023\/07\/1188_The-Convertible-Popup-Tray_Glamor_Small.png","2048x2048-width":1000,"2048x2048-height":667,"trp-custom-language-flag":"https:\/\/www.sctray.com\/wp-content\/uploads\/2023\/07\/1188_The-Convertible-Popup-Tray_Glamor_Small-18x12.png","trp-custom-language-flag-width":18,"trp-custom-language-flag-height":12,"gform-image-choice-sm":"https:\/\/www.sctray.com\/wp-content\/uploads\/2023\/07\/1188_The-Convertible-Popup-Tray_Glamor_Small.png","gform-image-choice-sm-width":300,"gform-image-choice-sm-height":200,"gform-image-choice-md":"https:\/\/www.sctray.com\/wp-content\/uploads\/2023\/07\/1188_The-Convertible-Popup-Tray_Glamor_Small.png","gform-image-choice-md-width":400,"gform-image-choice-md-height":267,"gform-image-choice-lg":"https:\/\/www.sctray.com\/wp-content\/uploads\/2023\/07\/1188_The-Convertible-Popup-Tray_Glamor_Small.png","gform-image-choice-lg-width":600,"gform-image-choice-lg-height":400,"menu-24x24":"https:\/\/www.sctray.com\/wp-content\/uploads\/2023\/07\/1188_The-Convertible-Popup-Tray_Glamor_Small-24x16.png","menu-24x24-width":24,"menu-24x24-height":16,"menu-36x36":"https:\/\/www.sctray.com\/wp-content\/uploads\/2023\/07\/1188_The-Convertible-Popup-Tray_Glamor_Small-36x24.png","menu-36x36-width":36,"menu-36x36-height":24,"menu-75x75":"https:\/\/www.sctray.com\/wp-content\/uploads\/2023\/07\/1188_The-Convertible-Popup-Tray_Glamor_Small-75x50.png","menu-75x75-width":75,"menu-75x75-height":50}},{"ID":2212,"id":2212,"title":"descapotable_24.jpg","filename":"convertible_24.jpg","filesize":1523614,"url":"https:\/\/www.sctray.com\/wp-content\/uploads\/2023\/07\/convertible_24.jpg","link":"https:\/\/www.sctray.com\/es\/catalog\/product\/1188\/convertible_24-jpg\/","alt":"","author":"8","description":"","caption":"","name":"descapotable_24-jpg","status":"inherit","uploaded_to":2210,"date":"2023-07-15 13:47:28","modified":"2023-08-10 17:42:37","menu_order":0,"mime_type":"image\/jpeg","type":"image","subtype":"jpeg","icon":"https:\/\/www.sctray.com\/wp-includes\/images\/media\/default.png","width":1000,"height":667,"sizes":{"thumbnail":"https:\/\/www.sctray.com\/wp-content\/uploads\/2023\/07\/convertible_24-150x150.jpg","thumbnail-width":150,"thumbnail-height":150,"medium":"https:\/\/www.sctray.com\/wp-content\/uploads\/2023\/07\/convertible_24-300x200.jpg","medium-width":300,"medium-height":200,"medium_large":"https:\/\/www.sctray.com\/wp-content\/uploads\/2023\/07\/convertible_24-768x512.jpg","medium_large-width":768,"medium_large-height":512,"large":"https:\/\/www.sctray.com\/wp-content\/uploads\/2023\/07\/convertible_24.jpg","large-width":1000,"large-height":667,"1536x1536":"https:\/\/www.sctray.com\/wp-content\/uploads\/2023\/07\/convertible_24.jpg","1536x1536-width":1000,"1536x1536-height":667,"2048x2048":"https:\/\/www.sctray.com\/wp-content\/uploads\/2023\/07\/convertible_24.jpg","2048x2048-width":1000,"2048x2048-height":667,"trp-custom-language-flag":"https:\/\/www.sctray.com\/wp-content\/uploads\/2023\/07\/convertible_24-18x12.jpg","trp-custom-language-flag-width":18,"trp-custom-language-flag-height":12,"gform-image-choice-sm":"https:\/\/www.sctray.com\/wp-content\/uploads\/2023\/07\/convertible_24.jpg","gform-image-choice-sm-width":300,"gform-image-choice-sm-height":200,"gform-image-choice-md":"https:\/\/www.sctray.com\/wp-content\/uploads\/2023\/07\/convertible_24.jpg","gform-image-choice-md-width":400,"gform-image-choice-md-height":267,"gform-image-choice-lg":"https:\/\/www.sctray.com\/wp-content\/uploads\/2023\/07\/convertible_24.jpg","gform-image-choice-lg-width":600,"gform-image-choice-lg-height":400,"menu-24x24":"https:\/\/www.sctray.com\/wp-content\/uploads\/2023\/07\/convertible_24.jpg","menu-24x24-width":24,"menu-24x24-height":16,"menu-36x36":"https:\/\/www.sctray.com\/wp-content\/uploads\/2023\/07\/convertible_24.jpg","menu-36x36-width":36,"menu-36x36-height":24,"menu-75x75":"https:\/\/www.sctray.com\/wp-content\/uploads\/2023\/07\/convertible_24.jpg","menu-75x75-width":75,"menu-75x75-height":50}}],"product_images":["https:\/\/www.sctray.com\/wp-content\/uploads\/2023\/07\/1188_The-Convertible-Popup-Tray_Glamor_Small.png","https:\/\/www.sctray.com\/wp-content\/uploads\/2023\/07\/convertible_24.jpg"],"item_number":"1188","short_description_product":"<p>Our large catering box with pop up display called \u201cthe Convertible\u201d is part of our new catering line of packaging products. Made in the USA from corrugated paperboard, the box holds two (2) half steam table pans, or one (1) full steam table pan with extra room for small ramekins or utensils. (Pans, utensils, ramekins, etc. not included.) Top panel folds down leaving large display area, or the top can be removed at the perforated edge. Handles allow for easy carrying.<\/p>\n","description_product":"","green_initiative":false,"compostable":false,"recycle":true,"downloads":[{"file_url":""}],"imperial":{"pack":"25","height":"3","width":"38.625","length":"39.3125","case_weight":"23","case_cube":"2.67","ti-hi":"1-15","upc":"0707282291897","diameter":"","practical_fiil":"","flush_fill":"","weight_capacity":"","weight_uom":"","board_type":"Corrugated","pallet_pack":"","item_length":"21","item_width":"14.5","item_depth":"4","board_caliper":""},"metric":{"pack":"25","height":"7.6","width":"98.1","length":"99.9","case_weight":"10.4","case_cube":"0.08","ti-hi":"1-15","upc":"0707282291897","diameter":"","practical_fiil":"","flush_fill":"","weight_capacity":"","weight_uom":"","board_type":"Corrugated","pallet_pack":"","item_length":"53.3","item_width":"36.8","item_depth":"10.16","board_caliper":""},"vimeo_video_enable":true,"vimeo_video_id":"1129575978","made_usa":false,"bpi_certified":false,"cma_accepted":false,"product_color":["Kraft"],"product_board_type":["Corrugated"],"product_flute_size":["B"],"product_sustainability":["Recyclable"],"product_brand":"","sleeve_count":"","tag_type":"None","tag_ranking":"0"},"yoast_head":"<!-- This site is optimized with the Yoast SEO Premium plugin v27.1 (Yoast SEO v27.3) - https:\/\/yoast.com\/product\/yoast-seo-premium-wordpress\/ -->\n<title>Full Pan Pop-Up Tray with Display - Southern Champion Tray<\/title>\n<meta name=\"description\" content=\"Full Pop-Up Tray with Display featuring quick assembly, durable-wall corrugate, and strong product visibility for foodservice and catering.\" \/>\n<meta name=\"robots\" content=\"index, follow, max-snippet:-1, max-image-preview:large, max-video-preview:-1\" \/>\n<link rel=\"canonical\" href=\"https:\/\/www.sctray.com\/es\/catalog\/product\/1188\/\" \/>\n<meta property=\"og:locale\" content=\"es_ES\" \/>\n<meta property=\"og:type\" content=\"article\" \/>\n<meta property=\"og:title\" content=\"Full Pan Pop-Up Tray with Display\" \/>\n<meta property=\"og:description\" content=\"Full Pop-Up Tray with Display featuring quick assembly, durable-wall corrugate, and strong product visibility for foodservice and catering.\" \/>\n<meta property=\"og:url\" content=\"https:\/\/www.sctray.com\/es\/catalog\/product\/1188\/\" \/>\n<meta property=\"og:site_name\" content=\"Southern Champion Tray\" \/>\n<meta property=\"article:publisher\" content=\"https:\/\/www.facebook.com\/sctpackaging\" \/>\n<meta property=\"article:modified_time\" content=\"2025-12-05T16:11:17+00:00\" \/>\n<meta name=\"twitter:card\" content=\"summary_large_image\" \/>\n<script type=\"application\/ld+json\" class=\"yoast-schema-graph\">{\"@context\":\"https:\\\/\\\/schema.org\",\"@graph\":[{\"@type\":\"WebPage\",\"@id\":\"https:\\\/\\\/www.sctray.com\\\/catalog\\\/product\\\/1188\\\/\",\"url\":\"https:\\\/\\\/www.sctray.com\\\/catalog\\\/product\\\/1188\\\/\",\"name\":\"Full Pan Pop-Up Tray with Display - Southern Champion Tray\",\"isPartOf\":{\"@id\":\"https:\\\/\\\/www.sctray.com\\\/#website\"},\"datePublished\":\"2023-07-18T12:18:54+00:00\",\"dateModified\":\"2025-12-05T16:11:17+00:00\",\"description\":\"Full Pop-Up Tray with Display featuring quick assembly, durable-wall corrugate, and strong product visibility for foodservice and catering.\",\"breadcrumb\":{\"@id\":\"https:\\\/\\\/www.sctray.com\\\/catalog\\\/product\\\/1188\\\/#breadcrumb\"},\"inLanguage\":\"es\",\"potentialAction\":[{\"@type\":\"ReadAction\",\"target\":[\"https:\\\/\\\/www.sctray.com\\\/catalog\\\/product\\\/1188\\\/\"]}]},{\"@type\":\"BreadcrumbList\",\"@id\":\"https:\\\/\\\/www.sctray.com\\\/catalog\\\/product\\\/1188\\\/#breadcrumb\",\"itemListElement\":[{\"@type\":\"ListItem\",\"position\":1,\"name\":\"Home\",\"item\":\"https:\\\/\\\/www.sctray.com\\\/\"},{\"@type\":\"ListItem\",\"position\":2,\"name\":\"Full Pan Pop-Up Tray with Display\"}]},{\"@type\":\"WebSite\",\"@id\":\"https:\\\/\\\/www.sctray.com\\\/#website\",\"url\":\"https:\\\/\\\/www.sctray.com\\\/\",\"name\":\"Southern Champion Tray\",\"description\":\"\",\"publisher\":{\"@id\":\"https:\\\/\\\/www.sctray.com\\\/#organization\"},\"potentialAction\":[{\"@type\":\"SearchAction\",\"target\":{\"@type\":\"EntryPoint\",\"urlTemplate\":\"https:\\\/\\\/www.sctray.com\\\/?s={search_term_string}\"},\"query-input\":{\"@type\":\"PropertyValueSpecification\",\"valueRequired\":true,\"valueName\":\"search_term_string\"}}],\"inLanguage\":\"es\"},{\"@type\":\"Organization\",\"@id\":\"https:\\\/\\\/www.sctray.com\\\/#organization\",\"name\":\"Southern Champion Tray\",\"url\":\"https:\\\/\\\/www.sctray.com\\\/\",\"logo\":{\"@type\":\"ImageObject\",\"inLanguage\":\"es\",\"@id\":\"https:\\\/\\\/www.sctray.com\\\/#\\\/schema\\\/logo\\\/image\\\/\",\"url\":\"https:\\\/\\\/www.sctray.com\\\/wp-content\\\/uploads\\\/2025\\\/04\\\/cropped-SCT-LOGO-RGB_GREEN-TERTIARY-1.png\",\"contentUrl\":\"https:\\\/\\\/www.sctray.com\\\/wp-content\\\/uploads\\\/2025\\\/04\\\/cropped-SCT-LOGO-RGB_GREEN-TERTIARY-1.png\",\"width\":987,\"height\":300,\"caption\":\"Southern Champion Tray\"},\"image\":{\"@id\":\"https:\\\/\\\/www.sctray.com\\\/#\\\/schema\\\/logo\\\/image\\\/\"},\"sameAs\":[\"https:\\\/\\\/www.facebook.com\\\/sctpackaging\",\"https:\\\/\\\/www.linkedin.com\\\/company\\\/southern-champion-tray\\\/?viewAsMember=true\",\"https:\\\/\\\/www.youtube.com\\\/channel\\\/UCw6tUbN8OQ-y_G76ubN4ztg\"]}]}<\/script>\n<!-- \/ Yoast SEO Premium plugin. -->","yoast_head_json":{"title":"Bandeja emergente con expositor - Bandeja Southern Champion","description":"Bandeja desplegable completa con expositor de montaje r\u00e1pido, con paredes de cart\u00f3n ondulado resistente y gran visibilidad del producto para servicios de restauraci\u00f3n y catering.","robots":{"index":"index","follow":"follow","max-snippet":"max-snippet:-1","max-image-preview":"max-image-preview:large","max-video-preview":"max-video-preview:-1"},"canonical":"https:\/\/www.sctray.com\/es\/catalog\/product\/1188\/","og_locale":"es_ES","og_type":"article","og_title":"Full Pan Pop-Up Tray with Display","og_description":"Full Pop-Up Tray with Display featuring quick assembly, durable-wall corrugate, and strong product visibility for foodservice and catering.","og_url":"https:\/\/www.sctray.com\/es\/catalog\/product\/1188\/","og_site_name":"Southern Champion Tray","article_publisher":"https:\/\/www.facebook.com\/sctpackaging","article_modified_time":"2025-12-05T16:11:17+00:00","twitter_card":"summary_large_image","schema":{"@context":"https:\/\/schema.org","@graph":[{"@type":"WebPage","@id":"https:\/\/www.sctray.com\/catalog\/product\/1188\/","url":"https:\/\/www.sctray.com\/catalog\/product\/1188\/","name":"Bandeja emergente con expositor - Bandeja Southern Champion","isPartOf":{"@id":"https:\/\/www.sctray.com\/#website"},"datePublished":"2023-07-18T12:18:54+00:00","dateModified":"2025-12-05T16:11:17+00:00","description":"Bandeja desplegable completa con expositor de montaje r\u00e1pido, con paredes de cart\u00f3n ondulado resistente y gran visibilidad del producto para servicios de restauraci\u00f3n y catering.","breadcrumb":{"@id":"https:\/\/www.sctray.com\/catalog\/product\/1188\/#breadcrumb"},"inLanguage":"es","potentialAction":[{"@type":"ReadAction","target":["https:\/\/www.sctray.com\/catalog\/product\/1188\/"]}]},{"@type":"BreadcrumbList","@id":"https:\/\/www.sctray.com\/catalog\/product\/1188\/#breadcrumb","itemListElement":[{"@type":"ListItem","position":1,"name":"Home","item":"https:\/\/www.sctray.com\/"},{"@type":"ListItem","position":2,"name":"Full Pan Pop-Up Tray with Display"}]},{"@type":"WebSite","@id":"https:\/\/www.sctray.com\/#website","url":"https:\/\/www.sctray.com\/","name":"Bandeja Southern Champion","description":"","publisher":{"@id":"https:\/\/www.sctray.com\/#organization"},"potentialAction":[{"@type":"SearchAction","target":{"@type":"EntryPoint","urlTemplate":"https:\/\/www.sctray.com\/?s={search_term_string}"},"query-input":{"@type":"PropertyValueSpecification","valueRequired":true,"valueName":"search_term_string"}}],"inLanguage":"es"},{"@type":"Organization","@id":"https:\/\/www.sctray.com\/#organization","name":"Bandeja Southern Champion","url":"https:\/\/www.sctray.com\/","logo":{"@type":"ImageObject","inLanguage":"es","@id":"https:\/\/www.sctray.com\/#\/schema\/logo\/image\/","url":"https:\/\/www.sctray.com\/wp-content\/uploads\/2025\/04\/cropped-SCT-LOGO-RGB_GREEN-TERTIARY-1.png","contentUrl":"https:\/\/www.sctray.com\/wp-content\/uploads\/2025\/04\/cropped-SCT-LOGO-RGB_GREEN-TERTIARY-1.png","width":987,"height":300,"caption":"Southern Champion Tray"},"image":{"@id":"https:\/\/www.sctray.com\/#\/schema\/logo\/image\/"},"sameAs":["https:\/\/www.facebook.com\/sctpackaging","https:\/\/www.linkedin.com\/company\/southern-champion-tray\/?viewAsMember=true","https:\/\/www.youtube.com\/channel\/UCw6tUbN8OQ-y_G76ubN4ztg"]}]}},"_links":{"self":[{"href":"https:\/\/www.sctray.com\/es\/wp-json\/wp\/v2\/product\/2210","targetHints":{"allow":["GET"]}}],"collection":[{"href":"https:\/\/www.sctray.com\/es\/wp-json\/wp\/v2\/product"}],"about":[{"href":"https:\/\/www.sctray.com\/es\/wp-json\/wp\/v2\/types\/product"}],"wp:attachment":[{"href":"https:\/\/www.sctray.com\/es\/wp-json\/wp\/v2\/media?parent=2210"}],"wp:term":[{"taxonomy":"categories-product","embeddable":true,"href":"https:\/\/www.sctray.com\/es\/wp-json\/wp\/v2\/categories-product?post=2210"}],"curies":[{"name":"wp","href":"https:\/\/api.w.org\/{rel}","templated":true}]}}