










{"id":7588,"date":"2025-12-22T14:42:53","date_gmt":"2025-12-22T14:42:53","guid":{"rendered":"https:\/\/www.sctray.com\/?post_type=product&#038;p=7588"},"modified":"2026-01-08T16:26:26","modified_gmt":"2026-01-08T16:26:26","slug":"bpi-certified-champware-natural-48oz-rectangle-bowl-18774npf","status":"publish","type":"product","link":"https:\/\/www.sctray.com\/es\/catalog\/product\/bpi-certified-champware-natural-48oz-rectangle-bowl-18774npf\/","title":{"rendered":"*BPI Certified* ChampWare\u00ae Natural 48oz Rectangle Bowl"},"content":{"rendered":"","protected":false},"template":"","categories-product":[232,194,195],"class_list":["post-7588","product","type-product","status-publish","hentry","categories-product-bowl","categories-product-food-service","categories-product-takeout-to-go"],"acf":{"slider":[{"ID":7637,"id":7637,"title":"18774NPF_Champware Taz\u00f3nl_Llave_peque\u00f1o","filename":"18774NPF_Champware-Bowl_Key_Small-1.png","filesize":318489,"url":"https:\/\/www.sctray.com\/wp-content\/uploads\/2025\/12\/18774NPF_Champware-Bowl_Key_Small-1.png","link":"https:\/\/www.sctray.com\/es\/catalog\/product\/bpi-certified-champware-natural-48oz-rectangle-bowl-18774npf\/18774npf_champware-bowl_key_small-2\/","alt":"","author":"10","description":"","caption":"","name":"18774npf_champware-bowl_key_small-2","status":"inherit","uploaded_to":7588,"date":"2026-01-08 16:25:01","modified":"2026-01-08 16:26:18","menu_order":0,"mime_type":"image\/png","type":"image","subtype":"png","icon":"https:\/\/www.sctray.com\/wp-includes\/images\/media\/default.png","width":1000,"height":667,"sizes":{"thumbnail":"https:\/\/www.sctray.com\/wp-content\/uploads\/2025\/12\/18774NPF_Champware-Bowl_Key_Small-1-150x150.png","thumbnail-width":150,"thumbnail-height":150,"medium":"https:\/\/www.sctray.com\/wp-content\/uploads\/2025\/12\/18774NPF_Champware-Bowl_Key_Small-1-300x200.png","medium-width":300,"medium-height":200,"medium_large":"https:\/\/www.sctray.com\/wp-content\/uploads\/2025\/12\/18774NPF_Champware-Bowl_Key_Small-1-768x512.png","medium_large-width":768,"medium_large-height":512,"large":"https:\/\/www.sctray.com\/wp-content\/uploads\/2025\/12\/18774NPF_Champware-Bowl_Key_Small-1.png","large-width":1000,"large-height":667,"1536x1536":"https:\/\/www.sctray.com\/wp-content\/uploads\/2025\/12\/18774NPF_Champware-Bowl_Key_Small-1.png","1536x1536-width":1000,"1536x1536-height":667,"2048x2048":"https:\/\/www.sctray.com\/wp-content\/uploads\/2025\/12\/18774NPF_Champware-Bowl_Key_Small-1.png","2048x2048-width":1000,"2048x2048-height":667,"trp-custom-language-flag":"https:\/\/www.sctray.com\/wp-content\/uploads\/2025\/12\/18774NPF_Champware-Bowl_Key_Small-1-18x12.png","trp-custom-language-flag-width":18,"trp-custom-language-flag-height":12,"gform-image-choice-sm":"https:\/\/www.sctray.com\/wp-content\/uploads\/2025\/12\/18774NPF_Champware-Bowl_Key_Small-1.png","gform-image-choice-sm-width":300,"gform-image-choice-sm-height":200,"gform-image-choice-md":"https:\/\/www.sctray.com\/wp-content\/uploads\/2025\/12\/18774NPF_Champware-Bowl_Key_Small-1.png","gform-image-choice-md-width":400,"gform-image-choice-md-height":267,"gform-image-choice-lg":"https:\/\/www.sctray.com\/wp-content\/uploads\/2025\/12\/18774NPF_Champware-Bowl_Key_Small-1.png","gform-image-choice-lg-width":600,"gform-image-choice-lg-height":400,"menu-24x24":"https:\/\/www.sctray.com\/wp-content\/uploads\/2025\/12\/18774NPF_Champware-Bowl_Key_Small-1-24x16.png","menu-24x24-width":24,"menu-24x24-height":16,"menu-36x36":"https:\/\/www.sctray.com\/wp-content\/uploads\/2025\/12\/18774NPF_Champware-Bowl_Key_Small-1-36x24.png","menu-36x36-width":36,"menu-36x36-height":24,"menu-75x75":"https:\/\/www.sctray.com\/wp-content\/uploads\/2025\/12\/18774NPF_Champware-Bowl_Key_Small-1-75x50.png","menu-75x75-width":75,"menu-75x75-height":50}},{"ID":7602,"id":7602,"title":"18774NPF_Champware Taz\u00f3nl_Glamor_peque\u00f1o","filename":"18774NPF_Champware-Bowl_Glamor_Small.png","filesize":813410,"url":"https:\/\/www.sctray.com\/wp-content\/uploads\/2025\/12\/18774NPF_Champware-Bowl_Glamor_Small.png","link":"https:\/\/www.sctray.com\/es\/catalog\/product\/18772npf\/18774npf_champware-bowl_glamor_small\/","alt":"","author":"8","description":"","caption":"","name":"18774npf_champware-bowl_glamor_small","status":"inherit","uploaded_to":7586,"date":"2025-12-23 19:32:44","modified":"2025-12-23 19:38:08","menu_order":0,"mime_type":"image\/png","type":"image","subtype":"png","icon":"https:\/\/www.sctray.com\/wp-includes\/images\/media\/default.png","width":1000,"height":667,"sizes":{"thumbnail":"https:\/\/www.sctray.com\/wp-content\/uploads\/2025\/12\/18774NPF_Champware-Bowl_Glamor_Small-150x150.png","thumbnail-width":150,"thumbnail-height":150,"medium":"https:\/\/www.sctray.com\/wp-content\/uploads\/2025\/12\/18774NPF_Champware-Bowl_Glamor_Small-300x200.png","medium-width":300,"medium-height":200,"medium_large":"https:\/\/www.sctray.com\/wp-content\/uploads\/2025\/12\/18774NPF_Champware-Bowl_Glamor_Small-768x512.png","medium_large-width":768,"medium_large-height":512,"large":"https:\/\/www.sctray.com\/wp-content\/uploads\/2025\/12\/18774NPF_Champware-Bowl_Glamor_Small.png","large-width":1000,"large-height":667,"1536x1536":"https:\/\/www.sctray.com\/wp-content\/uploads\/2025\/12\/18774NPF_Champware-Bowl_Glamor_Small.png","1536x1536-width":1000,"1536x1536-height":667,"2048x2048":"https:\/\/www.sctray.com\/wp-content\/uploads\/2025\/12\/18774NPF_Champware-Bowl_Glamor_Small.png","2048x2048-width":1000,"2048x2048-height":667,"trp-custom-language-flag":"https:\/\/www.sctray.com\/wp-content\/uploads\/2025\/12\/18774NPF_Champware-Bowl_Glamor_Small-18x12.png","trp-custom-language-flag-width":18,"trp-custom-language-flag-height":12,"gform-image-choice-sm":"https:\/\/www.sctray.com\/wp-content\/uploads\/2025\/12\/18774NPF_Champware-Bowl_Glamor_Small.png","gform-image-choice-sm-width":300,"gform-image-choice-sm-height":200,"gform-image-choice-md":"https:\/\/www.sctray.com\/wp-content\/uploads\/2025\/12\/18774NPF_Champware-Bowl_Glamor_Small.png","gform-image-choice-md-width":400,"gform-image-choice-md-height":267,"gform-image-choice-lg":"https:\/\/www.sctray.com\/wp-content\/uploads\/2025\/12\/18774NPF_Champware-Bowl_Glamor_Small.png","gform-image-choice-lg-width":600,"gform-image-choice-lg-height":400,"menu-24x24":"https:\/\/www.sctray.com\/wp-content\/uploads\/2025\/12\/18774NPF_Champware-Bowl_Glamor_Small-24x16.png","menu-24x24-width":24,"menu-24x24-height":16,"menu-36x36":"https:\/\/www.sctray.com\/wp-content\/uploads\/2025\/12\/18774NPF_Champware-Bowl_Glamor_Small-36x24.png","menu-36x36-width":36,"menu-36x36-height":24,"menu-75x75":"https:\/\/www.sctray.com\/wp-content\/uploads\/2025\/12\/18774NPF_Champware-Bowl_Glamor_Small-75x50.png","menu-75x75-width":75,"menu-75x75-height":50}}],"product_images":false,"vimeo_video_enable":false,"vimeo_video_id":"","item_number":"18774NPF","short_description_product":"<p>Our *BPI Certified* ChampWare\u00ae line consists of high quality, durable foodservice products that is certified compostable by the Biodegradable Products Institute (BPI). This rigorous certification process is done using ASTM standards and applying restrictions on certain chemicals. This certification mark is a sign to all consumers that this item is compostable and can be diverted with food scraps where composting programs exist!<\/p>\n<p><span data-preserver-spaces=\"true\">ChampWare\u00ae is made from 55% bamboo and 45% bagasse, a sugarcane byproduct,\u00a0 and is microwaveable and grease and moisture-resistant, which makes it the perfect option for any occasion!<\/span><\/p>\n","description_product":"","green_initiative":false,"made_usa":false,"bpi_certified":false,"cma_accepted":false,"compostable":false,"recycle":true,"downloads":false,"imperial":{"pack":"300","height":"14.92","width":"14.17","length":"18.5","case_weight":"31.70","case_cube":"2.26","ti-hi":"6-3","upc":"0707282339537","diameter":"","practical_fiil":"","flush_fill":"","weight_capacity":"","weight_uom":"","board_type":"Molded Fiber","pallet_pack":"","item_length":"9.09","item_width":"7.17","item_depth":"3.03","board_caliper":""},"metric":{"pack":"300","height":"37.90","width":"35.99","length":"46.99","case_weight":"14.38","case_cube":"0.064","ti-hi":"6-3","upc":"0707282339537","diameter":"","practical_fiil":"","flush_fill":"","weight_capacity":"","weight_uom":"","board_type":"Molded Fiber","pallet_pack":"","item_length":"23.1","item_width":"18.2","item_depth":"7.69","board_caliper":""},"product_brand":"ChampWare\u00ae","product_board_type":["Molded Fiber"],"sleeve_count":"4x75=300","product_sustainability":["Recyclable","BPI Certified","Compostable"],"video_thumbnail":false,"product_color":[],"product_flute_size":[],"tag_type":"None","tag_ranking":"0"},"yoast_head":"<!-- This site is optimized with the Yoast SEO Premium plugin v27.1 (Yoast SEO v27.5) - https:\/\/yoast.com\/product\/yoast-seo-premium-wordpress\/ -->\n<title>*BPI Certified* ChampWare\u00ae Natural 48oz Rectangle Bowl - Southern Champion Tray<\/title>\n<meta name=\"description\" content=\"BPI Certified ChampWare\u00ae bowls are compostable, durable, and designed for hot or cold foods, offering a sustainable solution for foodservice operations.\" \/>\n<meta name=\"robots\" content=\"index, follow, max-snippet:-1, max-image-preview:large, max-video-preview:-1\" \/>\n<link rel=\"canonical\" href=\"https:\/\/www.sctray.com\/es\/catalog\/product\/bpi-certified-champware-natural-48oz-rectangle-bowl-18774npf\/\" \/>\n<meta property=\"og:locale\" content=\"es_ES\" \/>\n<meta property=\"og:type\" content=\"article\" \/>\n<meta property=\"og:title\" content=\"*BPI Certified* ChampWare\u00ae Natural 48oz Rectangle Bowl\" \/>\n<meta property=\"og:description\" content=\"BPI Certified ChampWare\u00ae bowls are compostable, durable, and designed for hot or cold foods, offering a sustainable solution for foodservice operations.\" \/>\n<meta property=\"og:url\" content=\"https:\/\/www.sctray.com\/es\/catalog\/product\/bpi-certified-champware-natural-48oz-rectangle-bowl-18774npf\/\" \/>\n<meta property=\"og:site_name\" content=\"Southern Champion Tray\" \/>\n<meta property=\"article:publisher\" content=\"https:\/\/www.facebook.com\/sctpackaging\" \/>\n<meta property=\"article:modified_time\" content=\"2026-01-08T16:26:26+00:00\" \/>\n<meta name=\"twitter:card\" content=\"summary_large_image\" \/>\n<script type=\"application\/ld+json\" class=\"yoast-schema-graph\">{\"@context\":\"https:\\\/\\\/schema.org\",\"@graph\":[{\"@type\":\"WebPage\",\"@id\":\"https:\\\/\\\/www.sctray.com\\\/catalog\\\/product\\\/bpi-certified-champware-natural-48oz-rectangle-bowl-18774npf\\\/\",\"url\":\"https:\\\/\\\/www.sctray.com\\\/catalog\\\/product\\\/bpi-certified-champware-natural-48oz-rectangle-bowl-18774npf\\\/\",\"name\":\"*BPI Certified* ChampWare\u00ae Natural 48oz Rectangle Bowl - Southern Champion Tray\",\"isPartOf\":{\"@id\":\"https:\\\/\\\/www.sctray.com\\\/#website\"},\"datePublished\":\"2025-12-22T14:42:53+00:00\",\"dateModified\":\"2026-01-08T16:26:26+00:00\",\"description\":\"BPI Certified ChampWare\u00ae bowls are compostable, durable, and designed for hot or cold foods, offering a sustainable solution for foodservice operations.\",\"breadcrumb\":{\"@id\":\"https:\\\/\\\/www.sctray.com\\\/catalog\\\/product\\\/bpi-certified-champware-natural-48oz-rectangle-bowl-18774npf\\\/#breadcrumb\"},\"inLanguage\":\"es\",\"potentialAction\":[{\"@type\":\"ReadAction\",\"target\":[\"https:\\\/\\\/www.sctray.com\\\/catalog\\\/product\\\/bpi-certified-champware-natural-48oz-rectangle-bowl-18774npf\\\/\"]}]},{\"@type\":\"BreadcrumbList\",\"@id\":\"https:\\\/\\\/www.sctray.com\\\/catalog\\\/product\\\/bpi-certified-champware-natural-48oz-rectangle-bowl-18774npf\\\/#breadcrumb\",\"itemListElement\":[{\"@type\":\"ListItem\",\"position\":1,\"name\":\"Home\",\"item\":\"https:\\\/\\\/www.sctray.com\\\/\"},{\"@type\":\"ListItem\",\"position\":2,\"name\":\"*BPI Certified* ChampWare\u00ae Natural 48oz Rectangle Bowl\"}]},{\"@type\":\"WebSite\",\"@id\":\"https:\\\/\\\/www.sctray.com\\\/#website\",\"url\":\"https:\\\/\\\/www.sctray.com\\\/\",\"name\":\"Southern Champion Tray\",\"description\":\"\",\"publisher\":{\"@id\":\"https:\\\/\\\/www.sctray.com\\\/#organization\"},\"potentialAction\":[{\"@type\":\"SearchAction\",\"target\":{\"@type\":\"EntryPoint\",\"urlTemplate\":\"https:\\\/\\\/www.sctray.com\\\/?s={search_term_string}\"},\"query-input\":{\"@type\":\"PropertyValueSpecification\",\"valueRequired\":true,\"valueName\":\"search_term_string\"}}],\"inLanguage\":\"es\"},{\"@type\":\"Organization\",\"@id\":\"https:\\\/\\\/www.sctray.com\\\/#organization\",\"name\":\"Southern Champion Tray\",\"url\":\"https:\\\/\\\/www.sctray.com\\\/\",\"logo\":{\"@type\":\"ImageObject\",\"inLanguage\":\"es\",\"@id\":\"https:\\\/\\\/www.sctray.com\\\/#\\\/schema\\\/logo\\\/image\\\/\",\"url\":\"https:\\\/\\\/www.sctray.com\\\/wp-content\\\/uploads\\\/2025\\\/04\\\/cropped-SCT-LOGO-RGB_GREEN-TERTIARY-1.png\",\"contentUrl\":\"https:\\\/\\\/www.sctray.com\\\/wp-content\\\/uploads\\\/2025\\\/04\\\/cropped-SCT-LOGO-RGB_GREEN-TERTIARY-1.png\",\"width\":987,\"height\":300,\"caption\":\"Southern Champion Tray\"},\"image\":{\"@id\":\"https:\\\/\\\/www.sctray.com\\\/#\\\/schema\\\/logo\\\/image\\\/\"},\"sameAs\":[\"https:\\\/\\\/www.facebook.com\\\/sctpackaging\",\"https:\\\/\\\/www.linkedin.com\\\/company\\\/southern-champion-tray\\\/?viewAsMember=true\",\"https:\\\/\\\/www.youtube.com\\\/channel\\\/UCw6tUbN8OQ-y_G76ubN4ztg\"]}]}<\/script>\n<!-- \/ Yoast SEO Premium plugin. -->","yoast_head_json":{"title":"*BPI Certified* ChampWare\u00ae Natural 48oz Rectangle Bowl - Bandeja Southern Champion","description":"Los cuencos ChampWare\u00ae con certificaci\u00f3n BPI son compostables, duraderos y est\u00e1n dise\u00f1ados para alimentos calientes o fr\u00edos, por lo que ofrecen una soluci\u00f3n sostenible para los servicios de restauraci\u00f3n.","robots":{"index":"index","follow":"follow","max-snippet":"max-snippet:-1","max-image-preview":"max-image-preview:large","max-video-preview":"max-video-preview:-1"},"canonical":"https:\/\/www.sctray.com\/es\/catalog\/product\/bpi-certified-champware-natural-48oz-rectangle-bowl-18774npf\/","og_locale":"es_ES","og_type":"article","og_title":"*BPI Certified* ChampWare\u00ae Natural 48oz Rectangle Bowl","og_description":"BPI Certified ChampWare\u00ae bowls are compostable, durable, and designed for hot or cold foods, offering a sustainable solution for foodservice operations.","og_url":"https:\/\/www.sctray.com\/es\/catalog\/product\/bpi-certified-champware-natural-48oz-rectangle-bowl-18774npf\/","og_site_name":"Southern Champion Tray","article_publisher":"https:\/\/www.facebook.com\/sctpackaging","article_modified_time":"2026-01-08T16:26:26+00:00","twitter_card":"summary_large_image","schema":{"@context":"https:\/\/schema.org","@graph":[{"@type":"WebPage","@id":"https:\/\/www.sctray.com\/catalog\/product\/bpi-certified-champware-natural-48oz-rectangle-bowl-18774npf\/","url":"https:\/\/www.sctray.com\/catalog\/product\/bpi-certified-champware-natural-48oz-rectangle-bowl-18774npf\/","name":"*BPI Certified* ChampWare\u00ae Natural 48oz Rectangle Bowl - Bandeja Southern Champion","isPartOf":{"@id":"https:\/\/www.sctray.com\/#website"},"datePublished":"2025-12-22T14:42:53+00:00","dateModified":"2026-01-08T16:26:26+00:00","description":"Los cuencos ChampWare\u00ae con certificaci\u00f3n BPI son compostables, duraderos y est\u00e1n dise\u00f1ados para alimentos calientes o fr\u00edos, por lo que ofrecen una soluci\u00f3n sostenible para los servicios de restauraci\u00f3n.","breadcrumb":{"@id":"https:\/\/www.sctray.com\/catalog\/product\/bpi-certified-champware-natural-48oz-rectangle-bowl-18774npf\/#breadcrumb"},"inLanguage":"es","potentialAction":[{"@type":"ReadAction","target":["https:\/\/www.sctray.com\/catalog\/product\/bpi-certified-champware-natural-48oz-rectangle-bowl-18774npf\/"]}]},{"@type":"BreadcrumbList","@id":"https:\/\/www.sctray.com\/catalog\/product\/bpi-certified-champware-natural-48oz-rectangle-bowl-18774npf\/#breadcrumb","itemListElement":[{"@type":"ListItem","position":1,"name":"Home","item":"https:\/\/www.sctray.com\/"},{"@type":"ListItem","position":2,"name":"*BPI Certified* ChampWare\u00ae Natural 48oz Rectangle Bowl"}]},{"@type":"WebSite","@id":"https:\/\/www.sctray.com\/#website","url":"https:\/\/www.sctray.com\/","name":"Bandeja Southern Champion","description":"","publisher":{"@id":"https:\/\/www.sctray.com\/#organization"},"potentialAction":[{"@type":"SearchAction","target":{"@type":"EntryPoint","urlTemplate":"https:\/\/www.sctray.com\/?s={search_term_string}"},"query-input":{"@type":"PropertyValueSpecification","valueRequired":true,"valueName":"search_term_string"}}],"inLanguage":"es"},{"@type":"Organization","@id":"https:\/\/www.sctray.com\/#organization","name":"Bandeja Southern Champion","url":"https:\/\/www.sctray.com\/","logo":{"@type":"ImageObject","inLanguage":"es","@id":"https:\/\/www.sctray.com\/#\/schema\/logo\/image\/","url":"https:\/\/www.sctray.com\/wp-content\/uploads\/2025\/04\/cropped-SCT-LOGO-RGB_GREEN-TERTIARY-1.png","contentUrl":"https:\/\/www.sctray.com\/wp-content\/uploads\/2025\/04\/cropped-SCT-LOGO-RGB_GREEN-TERTIARY-1.png","width":987,"height":300,"caption":"Southern Champion Tray"},"image":{"@id":"https:\/\/www.sctray.com\/#\/schema\/logo\/image\/"},"sameAs":["https:\/\/www.facebook.com\/sctpackaging","https:\/\/www.linkedin.com\/company\/southern-champion-tray\/?viewAsMember=true","https:\/\/www.youtube.com\/channel\/UCw6tUbN8OQ-y_G76ubN4ztg"]}]}},"_links":{"self":[{"href":"https:\/\/www.sctray.com\/es\/wp-json\/wp\/v2\/product\/7588","targetHints":{"allow":["GET"]}}],"collection":[{"href":"https:\/\/www.sctray.com\/es\/wp-json\/wp\/v2\/product"}],"about":[{"href":"https:\/\/www.sctray.com\/es\/wp-json\/wp\/v2\/types\/product"}],"wp:attachment":[{"href":"https:\/\/www.sctray.com\/es\/wp-json\/wp\/v2\/media?parent=7588"}],"wp:term":[{"taxonomy":"categories-product","embeddable":true,"href":"https:\/\/www.sctray.com\/es\/wp-json\/wp\/v2\/categories-product?post=7588"}],"curies":[{"name":"wp","href":"https:\/\/api.w.org\/{rel}","templated":true}]}}